{"id":7493,"date":"2024-12-03T22:24:22","date_gmt":"2024-12-03T22:24:22","guid":{"rendered":"https:\/\/arisweare.com\/?post_type=product&#038;p=7493"},"modified":"2026-04-02T10:24:43","modified_gmt":"2026-04-02T10:24:43","slug":"domino","status":"publish","type":"product","link":"https:\/\/arisweare.com\/es\/producto\/domino\/","title":{"rendered":"Domin\u00f3"},"content":{"rendered":"<p lang=\"es-ES-u-co-trad\"><span style=\"color: #000000;\"><span style=\"font-family: Helvetica Neue, serif;\"><span style=\"font-family: Times Roman, serif;\"><span lang=\"en-US\">Domino: El entero vers\u00e1til que se adapta a ti en cada etapa. Dise\u00f1ado con una suavidad excepcional para resaltar tu belleza natural, es la elecci\u00f3n perfecta incluso durante el embarazo por su tejido flexible y c\u00f3modo.<\/span><\/span><\/span><\/span><\/p>\n<ul>\n<li>\n<p lang=\"es-ES-u-co-trad\" align=\"left\"><span style=\"color: #000000;\"><span style=\"font-family: Helvetica Neue, serif;\"><span lang=\"pt-PT\"><span style=\"font-family: Times Roman, serif;\"><b>Sostenibilidad:<\/b><\/span><\/span><span style=\"font-family: Times Roman, serif;\"><span lang=\"en-US\"> Confeccionada \u00e9ticamente con pl\u00e1stico reciclado.<\/span><\/span><\/span><\/span><\/p>\n<\/li>\n<li>\n<p lang=\"es-ES-u-co-trad\" align=\"left\"><span style=\"color: #000000;\"><span style=\"font-family: Helvetica Neue, serif;\"><span lang=\"pt-PT\"><span style=\"font-family: Times Roman, serif;\"><span lang=\"en-US\"><b>Protecci\u00f3n:<\/b><\/span><\/span><\/span><span style=\"font-family: Times Roman, serif;\"><span lang=\"en-US\"> Protecci\u00f3n solar UPF 50+<\/span><\/span><\/span><\/span><\/p>\n<\/li>\n<li>\n<p lang=\"es-ES-u-co-trad\" align=\"left\"><span style=\"color: #000000;\"><span style=\"font-family: Helvetica Neue, serif;\"><span lang=\"pt-PT\"><span style=\"font-family: Times Roman, serif;\"><span lang=\"de-DE\"><b>Versatilidad:<\/b><\/span><\/span><\/span><span style=\"font-family: Times Roman, serif;\"><span lang=\"en-US\"> Conscious comfort for every moment of your day.<\/span><\/span><\/span><\/span><\/p>\n<\/li>\n<\/ul>","protected":false},"excerpt":{"rendered":"<p>Este vestido est\u00e1 confeccionado con un tejido con protecci\u00f3n solar UPF 50, que ofrece una defensa superior contra los rayos UV.<\/p>\n<p><span class=\"text-bigger\">Llega Pronto - Enero 2025<\/span><\/p>","protected":false},"featured_media":7466,"template":"","meta":[],"product_cat":[16,77],"product_tag":[80,81,82,79],"class_list":{"0":"post-7493","1":"product","2":"type-product","3":"status-publish","4":"has-post-thumbnail","6":"product_cat-all","7":"product_cat-body-suits","8":"product_tag-female","9":"product_tag-gymwear","10":"product_tag-sporty-chic","11":"product_tag-urban","13":"first","14":"instock","15":"shipping-taxable","16":"purchasable","17":"product-type-variable","18":"has-default-attributes"},"yoast_head":"<!-- This site is optimized with the Yoast SEO plugin v24.0 - https:\/\/yoast.com\/wordpress\/plugins\/seo\/ -->\n<title>Domin\u00f3 - ariseweare.com<\/title>\n<meta name=\"description\" content=\"The versatile bodysuit that adapts to every stage of your life. Designed to highlight your natural beauty, its flexible, comfortable even during pregnancy.\" \/>\n<meta name=\"robots\" content=\"index, follow, max-snippet:-1, max-image-preview:large, max-video-preview:-1\" \/>\n<link rel=\"canonical\" href=\"https:\/\/arisweare.com\/es\/producto\/domino\/\" \/>\n<meta property=\"og:locale\" content=\"es_ES\" \/>\n<meta property=\"og:type\" content=\"article\" \/>\n<meta property=\"og:title\" content=\"Domino - Arisweare\" \/>\n<meta property=\"og:description\" content=\"The versatile bodysuit that adapts to every stage of your life. Designed to highlight your natural beauty, its flexible, comfortable even during pregnancy.\" \/>\n<meta property=\"og:url\" content=\"https:\/\/arisweare.com\/es\/producto\/domino\/\" \/>\n<meta property=\"og:site_name\" content=\"ariseweare.com\" \/>\n<meta property=\"article:modified_time\" content=\"2026-04-02T10:24:43+00:00\" \/>\n<meta property=\"og:image\" content=\"https:\/\/arisweare.com\/wp-content\/uploads\/2024\/12\/Domino-1.jpg\" \/>\n\t<meta property=\"og:image:width\" content=\"600\" \/>\n\t<meta property=\"og:image:height\" content=\"900\" \/>\n\t<meta property=\"og:image:type\" content=\"image\/jpeg\" \/>\n<meta name=\"twitter:card\" content=\"summary_large_image\" \/>\n<meta name=\"twitter:label1\" content=\"Tiempo de lectura\" \/>\n\t<meta name=\"twitter:data1\" content=\"1 minuto\" \/>\n<script type=\"application\/ld+json\" class=\"yoast-schema-graph\">{\"@context\":\"https:\/\/schema.org\",\"@graph\":[{\"@type\":\"WebPage\",\"@id\":\"https:\/\/arisweare.com\/product\/domino\/\",\"url\":\"https:\/\/arisweare.com\/product\/domino\/\",\"name\":\"Domin\u00f3 - ariseweare.com\",\"isPartOf\":{\"@id\":\"https:\/\/arisweare.com\/#website\"},\"primaryImageOfPage\":{\"@id\":\"https:\/\/arisweare.com\/product\/domino\/#primaryimage\"},\"image\":{\"@id\":\"https:\/\/arisweare.com\/product\/domino\/#primaryimage\"},\"thumbnailUrl\":\"https:\/\/arisweare.com\/wp-content\/uploads\/2024\/12\/Domino-1.jpg\",\"datePublished\":\"2024-12-03T22:24:22+00:00\",\"dateModified\":\"2026-04-02T10:24:43+00:00\",\"description\":\"The versatile bodysuit that adapts to every stage of your life. Designed to highlight your natural beauty, its flexible, comfortable even during pregnancy.\",\"breadcrumb\":{\"@id\":\"https:\/\/arisweare.com\/product\/domino\/#breadcrumb\"},\"inLanguage\":\"es\",\"potentialAction\":[{\"@type\":\"ReadAction\",\"target\":[\"https:\/\/arisweare.com\/product\/domino\/\"]}]},{\"@type\":\"ImageObject\",\"inLanguage\":\"es\",\"@id\":\"https:\/\/arisweare.com\/product\/domino\/#primaryimage\",\"url\":\"https:\/\/arisweare.com\/wp-content\/uploads\/2024\/12\/Domino-1.jpg\",\"contentUrl\":\"https:\/\/arisweare.com\/wp-content\/uploads\/2024\/12\/Domino-1.jpg\",\"width\":600,\"height\":900,\"caption\":\"Aris Domino\"},{\"@type\":\"BreadcrumbList\",\"@id\":\"https:\/\/arisweare.com\/product\/domino\/#breadcrumb\",\"itemListElement\":[{\"@type\":\"ListItem\",\"position\":1,\"name\":\"Home\",\"item\":\"https:\/\/arisweare.com\/\"},{\"@type\":\"ListItem\",\"position\":2,\"name\":\"Shop\",\"item\":\"https:\/\/arisweare.com\/shop\/\"},{\"@type\":\"ListItem\",\"position\":3,\"name\":\"Domin\u00f3\"}]},{\"@type\":\"WebSite\",\"@id\":\"https:\/\/arisweare.com\/#website\",\"url\":\"https:\/\/arisweare.com\/\",\"name\":\"ariseweare.com\",\"description\":\"Ropa Ecologica\",\"publisher\":{\"@id\":\"https:\/\/arisweare.com\/#organization\"},\"potentialAction\":[{\"@type\":\"SearchAction\",\"target\":{\"@type\":\"EntryPoint\",\"urlTemplate\":\"https:\/\/arisweare.com\/?s={search_term_string}\"},\"query-input\":{\"@type\":\"PropertyValueSpecification\",\"valueRequired\":true,\"valueName\":\"search_term_string\"}}],\"inLanguage\":\"es\"},{\"@type\":\"Organization\",\"@id\":\"https:\/\/arisweare.com\/#organization\",\"name\":\"ariseweare.com\",\"url\":\"https:\/\/arisweare.com\/\",\"logo\":{\"@type\":\"ImageObject\",\"inLanguage\":\"es\",\"@id\":\"https:\/\/arisweare.com\/#\/schema\/logo\/image\/\",\"url\":\"https:\/\/arisweare.com\/wp-content\/uploads\/2024\/12\/cropped-cropped-arisewearefavicon.png\",\"contentUrl\":\"https:\/\/arisweare.com\/wp-content\/uploads\/2024\/12\/cropped-cropped-arisewearefavicon.png\",\"width\":512,\"height\":512,\"caption\":\"ariseweare.com\"},\"image\":{\"@id\":\"https:\/\/arisweare.com\/#\/schema\/logo\/image\/\"}}]}<\/script>\n<!-- \/ Yoast SEO plugin. -->","yoast_head_json":{"title":"Domin\u00f3 - ariseweare.com","description":"The versatile bodysuit that adapts to every stage of your life. Designed to highlight your natural beauty, its flexible, comfortable even during pregnancy.","robots":{"index":"index","follow":"follow","max-snippet":"max-snippet:-1","max-image-preview":"max-image-preview:large","max-video-preview":"max-video-preview:-1"},"canonical":"https:\/\/arisweare.com\/es\/producto\/domino\/","og_locale":"es_ES","og_type":"article","og_title":"Domino - Arisweare","og_description":"The versatile bodysuit that adapts to every stage of your life. Designed to highlight your natural beauty, its flexible, comfortable even during pregnancy.","og_url":"https:\/\/arisweare.com\/es\/producto\/domino\/","og_site_name":"ariseweare.com","article_modified_time":"2026-04-02T10:24:43+00:00","og_image":[{"width":600,"height":900,"url":"https:\/\/arisweare.com\/wp-content\/uploads\/2024\/12\/Domino-1.jpg","type":"image\/jpeg"}],"twitter_card":"summary_large_image","twitter_misc":{"Tiempo de lectura":"1 minuto"},"schema":{"@context":"https:\/\/schema.org","@graph":[{"@type":"WebPage","@id":"https:\/\/arisweare.com\/product\/domino\/","url":"https:\/\/arisweare.com\/product\/domino\/","name":"Domin\u00f3 - ariseweare.com","isPartOf":{"@id":"https:\/\/arisweare.com\/#website"},"primaryImageOfPage":{"@id":"https:\/\/arisweare.com\/product\/domino\/#primaryimage"},"image":{"@id":"https:\/\/arisweare.com\/product\/domino\/#primaryimage"},"thumbnailUrl":"https:\/\/arisweare.com\/wp-content\/uploads\/2024\/12\/Domino-1.jpg","datePublished":"2024-12-03T22:24:22+00:00","dateModified":"2026-04-02T10:24:43+00:00","description":"The versatile bodysuit that adapts to every stage of your life. Designed to highlight your natural beauty, its flexible, comfortable even during pregnancy.","breadcrumb":{"@id":"https:\/\/arisweare.com\/product\/domino\/#breadcrumb"},"inLanguage":"es","potentialAction":[{"@type":"ReadAction","target":["https:\/\/arisweare.com\/product\/domino\/"]}]},{"@type":"ImageObject","inLanguage":"es","@id":"https:\/\/arisweare.com\/product\/domino\/#primaryimage","url":"https:\/\/arisweare.com\/wp-content\/uploads\/2024\/12\/Domino-1.jpg","contentUrl":"https:\/\/arisweare.com\/wp-content\/uploads\/2024\/12\/Domino-1.jpg","width":600,"height":900,"caption":"Aris Domino"},{"@type":"BreadcrumbList","@id":"https:\/\/arisweare.com\/product\/domino\/#breadcrumb","itemListElement":[{"@type":"ListItem","position":1,"name":"Home","item":"https:\/\/arisweare.com\/"},{"@type":"ListItem","position":2,"name":"Shop","item":"https:\/\/arisweare.com\/shop\/"},{"@type":"ListItem","position":3,"name":"Domin\u00f3"}]},{"@type":"WebSite","@id":"https:\/\/arisweare.com\/#website","url":"https:\/\/arisweare.com\/","name":"ariseweare.com","description":"Ropa Ecologica","publisher":{"@id":"https:\/\/arisweare.com\/#organization"},"potentialAction":[{"@type":"SearchAction","target":{"@type":"EntryPoint","urlTemplate":"https:\/\/arisweare.com\/?s={search_term_string}"},"query-input":{"@type":"PropertyValueSpecification","valueRequired":true,"valueName":"search_term_string"}}],"inLanguage":"es"},{"@type":"Organization","@id":"https:\/\/arisweare.com\/#organization","name":"ariseweare.com","url":"https:\/\/arisweare.com\/","logo":{"@type":"ImageObject","inLanguage":"es","@id":"https:\/\/arisweare.com\/#\/schema\/logo\/image\/","url":"https:\/\/arisweare.com\/wp-content\/uploads\/2024\/12\/cropped-cropped-arisewearefavicon.png","contentUrl":"https:\/\/arisweare.com\/wp-content\/uploads\/2024\/12\/cropped-cropped-arisewearefavicon.png","width":512,"height":512,"caption":"ariseweare.com"},"image":{"@id":"https:\/\/arisweare.com\/#\/schema\/logo\/image\/"}}]}},"_links":{"self":[{"href":"https:\/\/arisweare.com\/es\/wp-json\/wp\/v2\/product\/7493","targetHints":{"allow":["GET"]}}],"collection":[{"href":"https:\/\/arisweare.com\/es\/wp-json\/wp\/v2\/product"}],"about":[{"href":"https:\/\/arisweare.com\/es\/wp-json\/wp\/v2\/types\/product"}],"wp:featuredmedia":[{"embeddable":true,"href":"https:\/\/arisweare.com\/es\/wp-json\/wp\/v2\/media\/7466"}],"wp:attachment":[{"href":"https:\/\/arisweare.com\/es\/wp-json\/wp\/v2\/media?parent=7493"}],"wp:term":[{"taxonomy":"product_cat","embeddable":true,"href":"https:\/\/arisweare.com\/es\/wp-json\/wp\/v2\/product_cat?post=7493"},{"taxonomy":"product_tag","embeddable":true,"href":"https:\/\/arisweare.com\/es\/wp-json\/wp\/v2\/product_tag?post=7493"}],"curies":[{"name":"wp","href":"https:\/\/api.w.org\/{rel}","templated":true}]}}